{"id":107,"date":"2021-12-26T16:04:03","date_gmt":"2021-12-26T15:04:03","guid":{"rendered":"http:\/\/ma-serre.org\/?page_id=107"},"modified":"2023-01-22T17:32:51","modified_gmt":"2023-01-22T16:32:51","slug":"lidee","status":"publish","type":"page","link":"https:\/\/ma-serre.org\/index.php\/lidee\/","title":{"rendered":"id\u00e9es"},"content":{"rendered":"\n<p><img loading=\"lazy\" decoding=\"async\" width=\"600\" height=\"165\" class=\"wp-image-123\" style=\"width: 600px;\" src=\"https:\/\/ma-serre.org\/wp-content\/uploads\/2021\/12\/DSC_7048-scaled-e1640535359739.jpg\" alt=\"piscine \u00e0 l'origine\"><br>La d\u00e9cision est prise, nous arr\u00eatons la piscine !<br>Quelles possibilit\u00e9s s&rsquo;offrent \u00e0 nous, pour ne pas tout simplement abandonner un structure inutilis\u00e9e et laiss\u00e9e \u00e0 l&rsquo;abandon ?<br>&#8211; l&rsquo;oublier ???<br>&#8211; la boucher ???<br>&#8211; autre chose ???<\/p>\n\n\n\n<h2 class=\"wp-block-heading\">C&rsquo;est l\u00e0 que m&rsquo;est venu l&rsquo;id\u00e9e de transformer ce bassin en serre.<\/h2>\n\n\n\n<p>ou pour le moins, en espace de verdure genre : jardin am\u00e9nag\u00e9, jardin d&rsquo;agr\u00e9ment, zone de vie abrit\u00e9e,  etc&#8230;<\/p>\n\n\n\n<p>Les sujets qui suivent constituent un cahier de travaux qui seront d\u00e9taill\u00e9s dans le chapitre \u00ab\u00a0<strong>r\u00e9alisations<\/strong>\u00ab\u00a0.<br>Ces sujets peuvent \u00eatre modifi\u00e9s au fur et mesure de leur mise en oeuvre, en fonction de leur bon fonctionnement (ou non !), en fonction des difficult\u00e9s rencontr\u00e9es, ou toutes autres id\u00e9es qui pourraient \u00e9merger \u00e0 tout moment.<\/p>\n\n\n\n<ul class=\"wp-block-list\">\n<li>LE BASSIN<br>Le bassin est un trou de 11m x 5m comportant 3 niveaux de profondeur:<br>&#8211; 1\/3 \u00e0 -90cm <br>&#8211; 1\/3 interm\u00e9diaire, en pente<br>&#8211; 1\/3 \u00e0 -170cm de profondeur<br>Ce bassin est enti\u00e8rement couvert de panneaux bas. Ceux-ci sont relev\u00e9s pour la baignade en \u00e9t\u00e9, mais permettent le bain, m\u00eame ferm\u00e9s.<br>C&rsquo;est une <a rel=\"noreferrer noopener\" href=\"https:\/\/www.gerbeaud.com\/jardin\/fiches\/serre-enterree,2095.html\" target=\"_blank\">serre enterr\u00e9e<\/a> en puissance, avec tous les avantages que pr\u00e9sente ce concept.<br><\/li>\n\n\n\n<li>LA COUVERTURE<br>Ma 1\u00e8re d\u00e9cision est de relever les panneaux \u00e0 2m80 de mani\u00e8re permanente et face au sud, en les appuyant sur une structure de bois. Cette structure va couvrir l&rsquo;ensemble de la plage entourant la piscine.<br>Cela constitue en final, une surface couverte de presque 100m2 (55m2 de bassin + 45m2 de plage).<br><br>.<img decoding=\"async\" class=\"wp-image-148\" style=\"width: 600px;\" src=\"https:\/\/ma-serre.org\/wp-content\/uploads\/2021\/12\/IMG_20190709_122218-e1640540336862.jpg\" alt=\"\"><br><\/li>\n\n\n\n<li>LE FOND DE BASSIN<br>L&rsquo;id\u00e9e est d&rsquo;utiliser la partie la plus profonde du bassin pour stocker de l&rsquo;eau (~10m3), qui viendra de la toiture de la serre et du cabanon attenant.<br>Cette eau est pomp\u00e9e au fil du soleil par une pompe 12v de 3m\u00b3\/heure, aliment\u00e9e par un panneau solaire et une batterie.<br>Ce pompage remplit une cuve de 1000l, plac\u00e9e \u00e0 3m de hauteur qui dessert les plantations en eau d&rsquo;arrosage par gravit\u00e9.<br>Le trop plein de la cuve retourne dans le bassin par une fontaine non permanente.<\/li>\n<\/ul>\n\n\n\n<ul class=\"wp-block-list\">\n<li>LA TERRASSE<br>Au dessus d&rsquo;une grande partie de ce bassin, une terrasse en bois est install\u00e9e.<br>Des pieds en b\u00e9ton, moul\u00e9s dans des tubes PVC de \u00d8100 et ancr\u00e9s par ferraillage, supportent des pannes, sur lesquelles sont pos\u00e9 un plancher de bois de terrasse.<br><img decoding=\"async\" src=\"https:\/\/ma-serre.org\/wp-content\/uploads\/2021\/12\/IMG_20210428_120953-e1640598597355.jpg\" alt=\"\"> <img decoding=\"async\" src=\"https:\/\/ma-serre.org\/wp-content\/uploads\/2021\/12\/IMG_20210619_144314-e1640598673649.jpg\" alt=\"\"><br>Des acc\u00e8s sont am\u00e9nag\u00e9s en regard des trappes existantes des panneaux. Un acc\u00e8s permet de descendre en fond de bassin avec une brouette ou un chariot.<img loading=\"lazy\" decoding=\"async\" width=\"240\" height=\"180\" class=\"wp-image-292\" style=\"width: 240px;\" src=\"https:\/\/ma-serre.org\/wp-content\/uploads\/2022\/06\/IMG_20210807_190644_800x600.jpg\" alt=\"\" srcset=\"https:\/\/ma-serre.org\/wp-content\/uploads\/2022\/06\/IMG_20210807_190644_800x600.jpg 800w, https:\/\/ma-serre.org\/wp-content\/uploads\/2022\/06\/IMG_20210807_190644_800x600-300x225.jpg 300w, https:\/\/ma-serre.org\/wp-content\/uploads\/2022\/06\/IMG_20210807_190644_800x600-768x576.jpg 768w\" sizes=\"auto, (max-width: 240px) 100vw, 240px\" \/><\/li>\n<\/ul>\n\n\n\n<ul class=\"wp-block-list\">\n<li>L&rsquo;EAU<br>La circulation de l&rsquo;eau, amen\u00e9e par les pompes du bac \u00e0 arbres et la pompe principale, assure une oxyg\u00e9nation de l&rsquo;eau suffisante pour les plantes aquatiques et les poissons.<br>Une fontaine intermittente est am\u00e9nag\u00e9e.<br><img loading=\"lazy\" decoding=\"async\" width=\"300\" height=\"225\" class=\"wp-image-145\" style=\"width: 300px;\" src=\"https:\/\/ma-serre.org\/wp-content\/uploads\/2021\/12\/DSCN0943-e1640598732743.jpg\" alt=\"\"><img loading=\"lazy\" decoding=\"async\" width=\"300\" height=\"225\" class=\"wp-image-144\" style=\"width: 300px;\" src=\"https:\/\/ma-serre.org\/wp-content\/uploads\/2021\/12\/DSCN0945-e1640598763190.jpg\" alt=\"\"><br>Un circuit d&rsquo;eau complexe, permet la r\u00e9cup\u00e9ration de l&rsquo;eau de pluie et l&rsquo;arrosage par gravit\u00e9 des plantes.<br><\/li>\n\n\n\n<li>L&rsquo;\u00c9NERGIE<br>Il faut imp\u00e9rativement que l&rsquo;eau circule en permanence pour lui donner la vie.<br>Ne d\u00e9sirant pas demander \u00e0 Monsieur EDF d&rsquo;apporter l&rsquo;\u00e9nergie, je vais m&rsquo;appuyer sur un panneau solaire de 200Wc qui chargera une batterie tampon de 12v et 60Ah.<br>Tous les \u00e9quipements fonctionneront en 12v (ou 5v derri\u00e8re un r\u00e9gulateur).<br>Avec l&rsquo;arriv\u00e9e de l&rsquo;hiver et ses jours courts, je constate que le panneau solaire ne suffit pas. Je devrai \u00e0 minima le doubler et certainement augmenter la capacit\u00e9 de la batterie<br><\/li>\n\n\n\n<li>L&rsquo;A\u00c9RATION<br>Si l&rsquo;\u00e9tanch\u00e9it\u00e9 de la serre est primordiale pour mettre celle-ci hors gel l&rsquo;hiver, l&rsquo;a\u00e9ration doit \u00eatre imposante pour les jours chauds d&rsquo;\u00e9t\u00e9.<br>J&rsquo;envisage donc de r\u00e9aliser des panneaux amovibles pour les flancs de la serre, c\u00f4t\u00e9 cour et c\u00f4t\u00e9 jardin, ainsi que des cadres \u00e9tanches pour fermer le dessus du mur arri\u00e8re de la plage.<\/li>\n<\/ul>\n\n\n\n<ul class=\"wp-block-list\">\n<li>LES BACS<br>Soit creus\u00e9s dans la plage actuelle, couverte de pav\u00e9s auto-bloquants et donc d\u00e9montables,<br>ou r\u00e9alis\u00e9s en bois pour permettre des plantations \u00e0 hauteur d&rsquo;homme, des bacs sont cr\u00e9\u00e9s pour des fruitiers, du mara\u00eechage ou tout simplement des plantes ornementales.<br><\/li>\n\n\n\n<li>LE BAC \u00c0 ARBRES<br>La hauteur depuis le fond du bassin (-170cm) jusqu&rsquo;au plus haut de la structure (+280cm) offre une hauteur maximum de 4m50. C&rsquo;est une belle hauteur, qui va me permettre d&rsquo;y implanter des arbres fruitiers : citronnier, abricotier, &#8230;<br>Je r\u00e9alise dans les 2\/3 de la partie la plus profonde un muret de 100cm, qui va d\u00e9limiter un bac d&rsquo;un total de 6m3 pour la plantation des arbres.<br>Je vais dans un 2\u00e8me temps r\u00e9aliser une pseudo nappe phr\u00e9atique, en for\u00e7ant la circulation d&rsquo;une dizaine de centim\u00e8tre d&rsquo;eau, au fond de celui-ci. 3 pompes de petit calibre sont utilis\u00e9es \u00e0 cet effet.<\/li>\n<\/ul>\n\n\n\n<figure class=\"wp-block-image\"><img loading=\"lazy\" decoding=\"async\" width=\"600\" height=\"277\" src=\"https:\/\/ma-serre.org\/wp-content\/uploads\/2021\/12\/bac.jpg\" alt=\"\" class=\"wp-image-154\" srcset=\"https:\/\/ma-serre.org\/wp-content\/uploads\/2021\/12\/bac.jpg 600w, https:\/\/ma-serre.org\/wp-content\/uploads\/2021\/12\/bac-300x139.jpg 300w\" sizes=\"auto, (max-width: 600px) 100vw, 600px\" \/><\/figure>\n\n\n\n<ul class=\"wp-block-list\">\n<li>LE MUR DU FOND<br>Ce mur de 1m30 va pouvoir recevoir des fruitiers, type poirier, prunier, qui seront paliss\u00e9s et habilleront ce vilain mur de parpaings.<br><\/li>\n\n\n\n<li>LE POULAILLER<br>Un poulailler est am\u00e9nag\u00e9 contre le mur du fond et le c\u00f4t\u00e9 est de la serre. L&rsquo;acc\u00e8s aux pondoirs et la distribution de la nourriture pour les poules, se font de l&rsquo;int\u00e9rieur de la serre.<br><\/li>\n<\/ul>\n\n\n\n<p><br><\/p>\n","protected":false},"excerpt":{"rendered":"<p>La d\u00e9cision est prise, nous arr\u00eatons la piscine !Quelles possibilit\u00e9s s&rsquo;offrent \u00e0 nous, pour ne pas tout simplement abandonner un structure inutilis\u00e9e et laiss\u00e9e \u00e0 l&rsquo;abandon ?&#8211; l&rsquo;oublier ???&#8211; la boucher ???&#8211; autre chose ??? C&rsquo;est l\u00e0 que m&rsquo;est venu &hellip; <a href=\"https:\/\/ma-serre.org\/index.php\/lidee\/\">Continuer la lecture <span class=\"meta-nav\">&rarr;<\/span><\/a><\/p>\n","protected":false},"author":1,"featured_media":0,"parent":0,"menu_order":0,"comment_status":"closed","ping_status":"closed","template":"","meta":{"footnotes":""},"class_list":["post-107","page","type-page","status-publish","hentry"],"_links":{"self":[{"href":"https:\/\/ma-serre.org\/index.php\/wp-json\/wp\/v2\/pages\/107","targetHints":{"allow":["GET"]}}],"collection":[{"href":"https:\/\/ma-serre.org\/index.php\/wp-json\/wp\/v2\/pages"}],"about":[{"href":"https:\/\/ma-serre.org\/index.php\/wp-json\/wp\/v2\/types\/page"}],"author":[{"embeddable":true,"href":"https:\/\/ma-serre.org\/index.php\/wp-json\/wp\/v2\/users\/1"}],"replies":[{"embeddable":true,"href":"https:\/\/ma-serre.org\/index.php\/wp-json\/wp\/v2\/comments?post=107"}],"version-history":[{"count":26,"href":"https:\/\/ma-serre.org\/index.php\/wp-json\/wp\/v2\/pages\/107\/revisions"}],"predecessor-version":[{"id":577,"href":"https:\/\/ma-serre.org\/index.php\/wp-json\/wp\/v2\/pages\/107\/revisions\/577"}],"wp:attachment":[{"href":"https:\/\/ma-serre.org\/index.php\/wp-json\/wp\/v2\/media?parent=107"}],"curies":[{"name":"wp","href":"https:\/\/api.w.org\/{rel}","templated":true}]}}