{"id":140,"date":"2021-12-26T17:59:56","date_gmt":"2021-12-26T16:59:56","guid":{"rendered":"http:\/\/ma-serre.org\/?page_id=140"},"modified":"2022-11-05T21:34:59","modified_gmt":"2022-11-05T20:34:59","slug":"contact","status":"publish","type":"page","link":"https:\/\/ma-serre.org\/index.php\/contact\/","title":{"rendered":"contact"},"content":{"rendered":"\n<p>Merci d&rsquo;utiliser ce formulaire pour nous contacter :<br>(aucune donn\u00e9e n&rsquo;est r\u00e9colt\u00e9e)<\/p>\n\n\n\n<div class=\"wp-block-contact-form-7-contact-form-selector\"><p class=\"wpcf7-contact-form-not-found\"><strong>Erreur\u00a0:<\/strong> Formulaire de contact non trouv\u00e9\u00a0!<\/p><\/div>\n","protected":false},"excerpt":{"rendered":"<p>Merci d&rsquo;utiliser ce formulaire pour nous contacter :(aucune donn\u00e9e n&rsquo;est r\u00e9colt\u00e9e)<\/p>\n","protected":false},"author":1,"featured_media":0,"parent":0,"menu_order":0,"comment_status":"closed","ping_status":"closed","template":"","meta":{"footnotes":""},"class_list":["post-140","page","type-page","status-publish","hentry"],"_links":{"self":[{"href":"https:\/\/ma-serre.org\/index.php\/wp-json\/wp\/v2\/pages\/140","targetHints":{"allow":["GET"]}}],"collection":[{"href":"https:\/\/ma-serre.org\/index.php\/wp-json\/wp\/v2\/pages"}],"about":[{"href":"https:\/\/ma-serre.org\/index.php\/wp-json\/wp\/v2\/types\/page"}],"author":[{"embeddable":true,"href":"https:\/\/ma-serre.org\/index.php\/wp-json\/wp\/v2\/users\/1"}],"replies":[{"embeddable":true,"href":"https:\/\/ma-serre.org\/index.php\/wp-json\/wp\/v2\/comments?post=140"}],"version-history":[{"count":4,"href":"https:\/\/ma-serre.org\/index.php\/wp-json\/wp\/v2\/pages\/140\/revisions"}],"predecessor-version":[{"id":529,"href":"https:\/\/ma-serre.org\/index.php\/wp-json\/wp\/v2\/pages\/140\/revisions\/529"}],"wp:attachment":[{"href":"https:\/\/ma-serre.org\/index.php\/wp-json\/wp\/v2\/media?parent=140"}],"curies":[{"name":"wp","href":"https:\/\/api.w.org\/{rel}","templated":true}]}}