{"id":169,"date":"2021-12-27T18:05:33","date_gmt":"2021-12-27T17:05:33","guid":{"rendered":"http:\/\/ma-serre.org\/?page_id=169"},"modified":"2022-11-06T12:48:26","modified_gmt":"2022-11-06T11:48:26","slug":"bacs","status":"publish","type":"page","link":"https:\/\/ma-serre.org\/index.php\/bacs\/","title":{"rendered":"les bacs"},"content":{"rendered":"\n<p>Les bacs sont \u00e9videment des \u00e9l\u00e9ments essentiels de la serre.<br>Leur taille, profondeur et emplacement sont d\u00e9cid\u00e9s en fonction de leurs usages.<\/p>\n\n\n\n<p><a href=\"https:\/\/ma-serre.org\/index.php\/comment\/\">retour<\/a><\/p>\n\n\n\n<ul class=\"wp-block-list\"><li><strong>Le bac \u00e0 arbres<\/strong> :<br>C&rsquo;est le plus grand et le plus profond.<br>Je le r\u00e9alise en fond de bassin et il va donc \u00eatre au dessous du niveau de l&rsquo;eau.<br>Ses parois doivent \u00eatre \u00e9tanches. Je choisis de construire celles-ci en parpaing de b\u00e9ton all\u00e9g\u00e9 (Siporex, pour ne pas citer de marque \ud83d\ude09 ). C&rsquo;est un mat\u00e9riau que j&rsquo;aime bien, qui se travaille comme du bois, il faut juste utiliser une colle sp\u00e9ciale.<br>Contrairement \u00e0 ce que l&rsquo;on pourrait penser \u00e0 priori, c&rsquo;est un mat\u00e9riau imperm\u00e9able, les pores sont ferm\u00e9s.<br><a href=\"https:\/\/ma-serre.org\/wp-content\/uploads\/2022\/10\/grandBac-1.png\" target=\"_blank\" rel=\"noreferrer noopener\"><img loading=\"lazy\" decoding=\"async\" width=\"660\" height=\"219\" class=\"wp-image-441\" style=\"width: 660px;\" src=\"https:\/\/ma-serre.org\/wp-content\/uploads\/2022\/10\/grandBac-1.png\" alt=\"\" srcset=\"https:\/\/ma-serre.org\/wp-content\/uploads\/2022\/10\/grandBac-1.png 1141w, https:\/\/ma-serre.org\/wp-content\/uploads\/2022\/10\/grandBac-1-300x100.png 300w, https:\/\/ma-serre.org\/wp-content\/uploads\/2022\/10\/grandBac-1-1024x340.png 1024w, https:\/\/ma-serre.org\/wp-content\/uploads\/2022\/10\/grandBac-1-768x255.png 768w\" sizes=\"auto, (max-width: 660px) 100vw, 660px\" \/><\/a><br><mark style=\"background-color:#fff\" class=\"has-inline-color has-blue-color\"># <em>grand bac pour oranger et abricotier \u00e0 venir<\/em><\/mark><br>Comme je d\u00e9sire y implanter 2 fruitiers, comme un oranger et un abricotier, je dois leur donner un volume certain. Je dimensionne ce bac \u00e0 5m en longueur, 1m20 en largeur et 1m en profondeur, \u00e7a veut dire 6m3 de mat\u00e9riaux \u00e0 amener pour le remplir.<br> Mes essais en aquaponie* (v. mes commentaires en bas de page), me donne l&rsquo;id\u00e9e de cr\u00e9er une pseudo nappe phr\u00e9atique, en faisant circuler de l&rsquo;eau en fond de bac (voir \u00ab\u00a0<a href=\"https:\/\/ma-serre.org\/index.php\/circuit-eau\/\">circuit eau<\/a>\u00ab\u00a0).<br>Le baquet* d&rsquo;essai en aquaponie, est conserv\u00e9 comme r\u00e9ceptacle d&rsquo;entr\u00e9e du pompage, les billes d&rsquo;argile vont permettre un excellent filtrage et contribuer au \u00ab\u00a0<a href=\"https:\/\/fr.wikipedia.org\/wiki\/Cycle_de_l%27azote\">cycle de l&rsquo;<\/a><a rel=\"noreferrer noopener\" href=\"https:\/\/fr.wikipedia.org\/wiki\/Cycle_de_l%27azote\" target=\"_blank\">azote<\/a>\u00ab\u00a0.<br><br>Comment j&rsquo;ai rempli ce bac ?<br>Le fond fait office de \u00ab\u00a0nappe phr\u00e9atique\u00a0\u00bb, j&rsquo;y d\u00e9pose donc ~1m3 de gravier d&rsquo;un calibre de 3\/4cm. Pour isoler ce gravier de la terre je les recouvre d&rsquo;une <a href=\"https:\/\/www.manomano.fr\/p\/geotextile-2mx25m-soit-50m2-mgs-special-gravier-50184012\">toile <\/a><a rel=\"noreferrer noopener\" href=\"https:\/\/www.manomano.fr\/p\/geotextile-2mx25m-soit-50m2-mgs-special-gravier-50184012\" target=\"_blank\">g\u00e9otextile<\/a>.<br>Je peux commencer \u00e0 verser les 5m3 de terre. Je proc\u00e8de par couches altern\u00e9es de composte et de terre arable, je glisse de temps en temps du bois mort pour amener du carbone. <br><br><mark style=\"background-color:#f1f1f1;color:#084683\" class=\"has-inline-color\">* <code>Quelques d\u00e9tails sur la construction du baquet d'essai en aquaponie :<br>C'est un bac de 120L, rempli de billes d'argile. Les plantes sont directement install\u00e9es dans ces billes, sans terre.<br>Une pompe am\u00e8ne de l'eau \u00e0 raison de 6L\/mn (c'est en gros le d\u00e9bit d'un robinet). <br>Pour cr\u00e9er un effet de mar\u00e9e, j'utilise un siphon de Pythagore : v. \"<a href=\"https:\/\/ma-serre.org\/index.php\/circuit-eau\/\">circuit eau<\/a>\".<br><\/code><\/mark><img loading=\"lazy\" decoding=\"async\" width=\"550\" height=\"177\" class=\"wp-image-397\" style=\"width: 550px;\" src=\"https:\/\/ma-serre.org\/wp-content\/uploads\/2022\/10\/bacAmaree.png\" alt=\"\" srcset=\"https:\/\/ma-serre.org\/wp-content\/uploads\/2022\/10\/bacAmaree.png 829w, https:\/\/ma-serre.org\/wp-content\/uploads\/2022\/10\/bacAmaree-300x97.png 300w, https:\/\/ma-serre.org\/wp-content\/uploads\/2022\/10\/bacAmaree-768x247.png 768w\" sizes=\"auto, (max-width: 550px) 100vw, 550px\" \/><br><mark style=\"background-color:#fff\" class=\"has-inline-color has-blue-color\"># <em>Mise en place de ce baquet dans le grand bac :<\/em><\/mark><br><\/li><li><strong>Le bac central<\/strong> :<br>C&rsquo;est le 2\u00e8me par son volume : 2m40 x 1m20 x ~1m = ~3m3<br>Il est situ\u00e9 au milieu de  la plage sur les pav\u00e9s.<br>Celui-ci va recevoir la plupart des l\u00e9gumes-fruits : tomates, aubergines, courgettes, etc&#8230;<br>Il est \u00e0 hauteur de travail : 60cm.<br>J&rsquo;y implante aussi un citronnier et un kumquat.<br>Il est b\u00e2ti en bois : des planches de terrasses, mont\u00e9es sur des tasseaux.<br>Le fond est en communication direct avec le sol sous la plage, la pav\u00e9s ont \u00e9t\u00e9 retir\u00e9s, cela donne ~1m de hauteur de terre.<br>Un drainage est assur\u00e9 par la pose de tuyaux perfor\u00e9s ad hoc. Le remplissage se fait par des couches altern\u00e9es de terre arable et de compost. L\u00e0 encore quelques morceaux de bois sont int\u00e9gr\u00e9s \u00e0 la terre.<br>Vous pouvez suivre ces indications : \u00ab\u00a0<a href=\"https:\/\/jardin-potager-bio.fr\/fabriquer-un-bac-potager#:~:text=Le%20principe%20reste%20le%20m%C3%AAme,la%20terre%20et%20le%20bois\">Fabriquer un <\/a><a rel=\"noreferrer noopener\" href=\"https:\/\/jardin-potager-bio.fr\/fabriquer-un-bac-potager#:~:text=Le%20principe%20reste%20le%20m%C3%AAme,la%20terre%20et%20le%20bois\" target=\"_blank\">bac<\/a><a href=\"https:\/\/jardin-potager-bio.fr\/fabriquer-un-bac-potager#:~:text=Le%20principe%20reste%20le%20m%C3%AAme,la%20terre%20et%20le%20bois\"> potager<\/a>\u00ab\u00a0<a href=\"https:\/\/ma-serre.org\/wp-content\/uploads\/2022\/10\/bacCentral-1.png\" target=\"_blank\" rel=\"noreferrer noopener\"><img loading=\"lazy\" decoding=\"async\" width=\"300\" height=\"152\" class=\"wp-image-399\" style=\"width: 300px;\" src=\"https:\/\/ma-serre.org\/wp-content\/uploads\/2022\/10\/bacCentral-1.png\" alt=\"\" srcset=\"https:\/\/ma-serre.org\/wp-content\/uploads\/2022\/10\/bacCentral-1.png 777w, https:\/\/ma-serre.org\/wp-content\/uploads\/2022\/10\/bacCentral-1-300x152.png 300w, https:\/\/ma-serre.org\/wp-content\/uploads\/2022\/10\/bacCentral-1-768x388.png 768w\" sizes=\"auto, (max-width: 300px) 100vw, 300px\" \/><\/a>  <a href=\"https:\/\/ma-serre.org\/wp-content\/uploads\/2022\/10\/bacCentral.png\" target=\"_blank\" rel=\"noreferrer noopener\"><img loading=\"lazy\" decoding=\"async\" width=\"280\" height=\"168\" class=\"wp-image-400\" style=\"width: 280px;\" src=\"https:\/\/ma-serre.org\/wp-content\/uploads\/2022\/10\/bacCentral.png\" alt=\"\" srcset=\"https:\/\/ma-serre.org\/wp-content\/uploads\/2022\/10\/bacCentral.png 1130w, https:\/\/ma-serre.org\/wp-content\/uploads\/2022\/10\/bacCentral-300x180.png 300w, https:\/\/ma-serre.org\/wp-content\/uploads\/2022\/10\/bacCentral-1024x614.png 1024w, https:\/\/ma-serre.org\/wp-content\/uploads\/2022\/10\/bacCentral-768x461.png 768w\" sizes=\"auto, (max-width: 280px) 100vw, 280px\" \/><\/a><br><mark style=\"background-color:#fff\" class=\"has-inline-color has-blue-color\">#<\/mark><mark style=\"background-color:#fff\" class=\"has-inline-color has-black-color\"> la plage am\u00e9nag\u00e9e<\/mark><mark style=\"background-color:#fff\" class=\"has-inline-color has-blue-color\">                                    # <\/mark><mark style=\"background-color:#fff\" class=\"has-inline-color\">le bac central<\/mark><br><\/li><li><strong>Le bac long<\/strong> :<br>Le 3\u00e8me par sa taille : 4m80 x 0m60 x 0m60 = ~1,8m3<br>Il est situ\u00e9 en bord de bassin tout contre le mur, en partie au dessus de l&rsquo;eau.<br>Son r\u00f4le va \u00eatre de supporter les 4 pieds des actinidias (kiwis), 1 m\u00e2le et 3 femelles.<br>Les actinidias sont des lianes prolifiques et couvrante, leur but est d&rsquo;apporter de la fra\u00eecheur \u00e0 la serre en \u00e9t\u00e9, et des fruits en hiver.<br>Le bac est construit comme le bac central. Le drainage est assur\u00e9 par la communication avec le bassin qui est dessous. Le remplissage suit les r\u00e8gles pr\u00e9c\u00e9dentes.<br> <a href=\"https:\/\/ma-serre.org\/wp-content\/uploads\/2022\/10\/bacLong.png\" target=\"_blank\" rel=\"noreferrer noopener\"><img loading=\"lazy\" decoding=\"async\" width=\"150\" height=\"210\" class=\"wp-image-401\" style=\"width: 150px;\" src=\"https:\/\/ma-serre.org\/wp-content\/uploads\/2022\/10\/bacLong.png\" alt=\"\" srcset=\"https:\/\/ma-serre.org\/wp-content\/uploads\/2022\/10\/bacLong.png 516w, https:\/\/ma-serre.org\/wp-content\/uploads\/2022\/10\/bacLong-214x300.png 214w\" sizes=\"auto, (max-width: 150px) 100vw, 150px\" \/><\/a>    <a href=\"https:\/\/ma-serre.org\/wp-content\/uploads\/2022\/10\/bacLong-1.png\" target=\"_blank\" rel=\"noreferrer noopener\"><img loading=\"lazy\" decoding=\"async\" width=\"320\" height=\"213\" class=\"wp-image-402\" style=\"width: 320px;\" src=\"https:\/\/ma-serre.org\/wp-content\/uploads\/2022\/10\/bacLong-1.png\" alt=\"\" srcset=\"https:\/\/ma-serre.org\/wp-content\/uploads\/2022\/10\/bacLong-1.png 1147w, https:\/\/ma-serre.org\/wp-content\/uploads\/2022\/10\/bacLong-1-300x200.png 300w, https:\/\/ma-serre.org\/wp-content\/uploads\/2022\/10\/bacLong-1-1024x681.png 1024w, https:\/\/ma-serre.org\/wp-content\/uploads\/2022\/10\/bacLong-1-768x511.png 768w\" sizes=\"auto, (max-width: 320px) 100vw, 320px\" \/><\/a><br><mark style=\"background-color:rgba(0, 0, 0, 0)\" class=\"has-inline-color has-blue-color\">#<\/mark> <em>bac long &amp; actinidias<\/em>  <mark style=\"background-color:rgba(0, 0, 0, 0)\" class=\"has-inline-color has-blue-color\">#<\/mark> un pied de courge <br><\/li><li><strong>Le bac le long du mur<\/strong> :<br>Il est directement fait au sol, sans cloison de bois. J&rsquo;ai juste retir\u00e9 les pav\u00e9s de la plage et retir\u00e9 la terre de mauvaise qualit\u00e9 qui se trouvait en dessous, et remplac\u00e9 celle-ci par de la terre arable et du compost, avec toujours un drainage et un apport en carbone&#8230; Classique !<br>Ce long bac va recevoir des fruitiers paliss\u00e9s contre le mur, 2 poiriers et 2 pruniers par exemple.<br><a href=\"https:\/\/ma-serre.org\/wp-content\/uploads\/2022\/10\/bacsMur-1.png\" target=\"_blank\" rel=\"noreferrer noopener\"><img loading=\"lazy\" decoding=\"async\" width=\"300\" height=\"199\" class=\"wp-image-403\" style=\"width: 300px;\" src=\"https:\/\/ma-serre.org\/wp-content\/uploads\/2022\/10\/bacsMur-1.png\" alt=\"\" srcset=\"https:\/\/ma-serre.org\/wp-content\/uploads\/2022\/10\/bacsMur-1.png 1155w, https:\/\/ma-serre.org\/wp-content\/uploads\/2022\/10\/bacsMur-1-300x199.png 300w, https:\/\/ma-serre.org\/wp-content\/uploads\/2022\/10\/bacsMur-1-1024x681.png 1024w, https:\/\/ma-serre.org\/wp-content\/uploads\/2022\/10\/bacsMur-1-768x511.png 768w\" sizes=\"auto, (max-width: 300px) 100vw, 300px\" \/><\/a><em>   <a href=\"https:\/\/ma-serre.org\/wp-content\/uploads\/2022\/10\/bacsMur.png\" target=\"_blank\" rel=\"noreferrer noopener\"><img loading=\"lazy\" decoding=\"async\" width=\"150\" height=\"199\" class=\"wp-image-404\" style=\"width: 150px;\" src=\"https:\/\/ma-serre.org\/wp-content\/uploads\/2022\/10\/bacsMur.png\" alt=\"\" srcset=\"https:\/\/ma-serre.org\/wp-content\/uploads\/2022\/10\/bacsMur.png 577w, https:\/\/ma-serre.org\/wp-content\/uploads\/2022\/10\/bacsMur-226x300.png 226w\" sizes=\"auto, (max-width: 150px) 100vw, 150px\" \/><\/a><br><mark style=\"background-color:rgba(0, 0, 0, 0)\" class=\"has-inline-color has-blue-color\">#<\/mark> <\/em>le bac le long du mur<br><\/li><li><strong>Les 2 bacs bas<\/strong> :<br>Exactement r\u00e9alis\u00e9s comme le bac le long du mur, ces 2 bacs sont r\u00e9alis\u00e9s dans la plage elle-m\u00eame, mais en bordure du bassin. Ils re\u00e7oivent d\u00e9j\u00e0 un pied de vigne, un pied de m\u00fbrier et une bignone. De nombreux pieds de fraisiers sont plant\u00e9s dans l&rsquo;espace restant.<br><a href=\"https:\/\/ma-serre.org\/wp-content\/uploads\/2022\/10\/bacsBas.png\" target=\"_blank\" rel=\"noreferrer noopener\"><img loading=\"lazy\" decoding=\"async\" width=\"300\" height=\"304\" class=\"wp-image-419\" style=\"width: 300px;\" src=\"https:\/\/ma-serre.org\/wp-content\/uploads\/2022\/10\/bacsBas.png\" alt=\"\" srcset=\"https:\/\/ma-serre.org\/wp-content\/uploads\/2022\/10\/bacsBas.png 700w, https:\/\/ma-serre.org\/wp-content\/uploads\/2022\/10\/bacsBas-296x300.png 296w\" sizes=\"auto, (max-width: 300px) 100vw, 300px\" \/><\/a><br><mark style=\"background-color:rgba(0, 0, 0, 0)\" class=\"has-inline-color has-blue-color\">#<\/mark><em> le ficus<\/em><\/li><li><strong>Le bac du ficus <\/strong>:<br>Quelques pav\u00e9s d\u00e9mont\u00e9s, plus remplacement des 50cm de terre et voil\u00e0 ce bac qui re\u00e7oit le ficus, qui \u00e9tait en pot depuis 10 ans \u00e0 la maison.<br>Les pav\u00e9s d\u00e9mont\u00e9s servent \u00e0 habiller cet espace.  <br><\/li><li><strong>Le bac du goyavier<\/strong> :<br>Ce bac est r\u00e9alis\u00e9 comme le grand bac central, en plus petit, il fait ~1\/2m3.<br>De mani\u00e8re \u00e0 disposer d&rsquo;une belle hauteur, il est plac\u00e9 dans le bassin.<br>J&rsquo;y mets un \u00ab\u00a0<a href=\"https:\/\/fr.wikipedia.org\/wiki\/Goyavier#:~:text=Le%20goyavier%20(Psidium%20guajava)%20est,charnus%2C%20comestibles%2C%20nomm%C3%A9s%20goyaves.\">goyavier fraise rouge<\/a>\u00ab\u00a0.<br>                                                        <img loading=\"lazy\" decoding=\"async\" width=\"300\" height=\"225\" class=\"wp-image-550\" style=\"width: 300px;\" src=\"https:\/\/ma-serre.org\/wp-content\/uploads\/2022\/11\/goyavier.png\" alt=\"\" srcset=\"https:\/\/ma-serre.org\/wp-content\/uploads\/2022\/11\/goyavier.png 500w, https:\/\/ma-serre.org\/wp-content\/uploads\/2022\/11\/goyavier-300x225.png 300w\" sizes=\"auto, (max-width: 300px) 100vw, 300px\" \/><br><\/li><li><strong>Le bassin<\/strong> :<br>Pour la bonne sant\u00e9 du bassin, l&rsquo;oxyg\u00e9nation apport\u00e9e par la circulation de l&rsquo;eau, la lumi\u00e8re et les plantes sont primordiales. <br>La partie du bassin qui est \u00e0 la lumi\u00e8re, re\u00e7oit des pots immerg\u00e9s et lest\u00e9s, des n\u00e9nuphars et des iris y sont install\u00e9s et prolif\u00e8res.<br><a href=\"https:\/\/ma-serre.org\/wp-content\/uploads\/2022\/10\/bassin.png\" target=\"_blank\" rel=\"noreferrer noopener\"><img loading=\"lazy\" decoding=\"async\" width=\"385\" height=\"225\" class=\"wp-image-424\" style=\"width: 385px;\" src=\"https:\/\/ma-serre.org\/wp-content\/uploads\/2022\/10\/bassin.png\" alt=\"\" srcset=\"https:\/\/ma-serre.org\/wp-content\/uploads\/2022\/10\/bassin.png 1021w, https:\/\/ma-serre.org\/wp-content\/uploads\/2022\/10\/bassin-300x175.png 300w, https:\/\/ma-serre.org\/wp-content\/uploads\/2022\/10\/bassin-768x448.png 768w\" sizes=\"auto, (max-width: 385px) 100vw, 385px\" \/><\/a>   <a href=\"https:\/\/ma-serre.org\/wp-content\/uploads\/2022\/10\/bassin-3.png\" target=\"_blank\" rel=\"noreferrer noopener\"><img loading=\"lazy\" decoding=\"async\" width=\"150\" height=\"225\" class=\"wp-image-423\" style=\"width: 150px;\" src=\"https:\/\/ma-serre.org\/wp-content\/uploads\/2022\/10\/bassin-3.png\" alt=\"\" srcset=\"https:\/\/ma-serre.org\/wp-content\/uploads\/2022\/10\/bassin-3.png 511w, https:\/\/ma-serre.org\/wp-content\/uploads\/2022\/10\/bassin-3-200x300.png 200w\" sizes=\"auto, (max-width: 150px) 100vw, 150px\" \/><\/a><br><mark style=\"background-color:rgba(0, 0, 0, 0)\" class=\"has-inline-color has-blue-color\">#<\/mark> <em>En cet \u00e9t\u00e9 2022, nous voyons 3 grenouilles prendre le soleil sur les pierres \u00e9merg\u00e9es.<\/em><br><a href=\"https:\/\/ma-serre.org\/wp-content\/uploads\/2022\/10\/grenouilles.png\" target=\"_blank\" rel=\"noreferrer noopener\"><img loading=\"lazy\" decoding=\"async\" width=\"550\" height=\"168\" class=\"wp-image-437\" style=\"width: 550px;\" src=\"https:\/\/ma-serre.org\/wp-content\/uploads\/2022\/10\/grenouilles.png\" alt=\"\" srcset=\"https:\/\/ma-serre.org\/wp-content\/uploads\/2022\/10\/grenouilles.png 1136w, https:\/\/ma-serre.org\/wp-content\/uploads\/2022\/10\/grenouilles-300x92.png 300w, https:\/\/ma-serre.org\/wp-content\/uploads\/2022\/10\/grenouilles-1024x314.png 1024w, https:\/\/ma-serre.org\/wp-content\/uploads\/2022\/10\/grenouilles-768x235.png 768w\" sizes=\"auto, (max-width: 550px) 100vw, 550px\" \/><\/a><br>De nombreuses pierres et des parpaings creux sont d\u00e9pos\u00e9s au fond du bassin, les poissons j&rsquo;esp\u00e8re, appr\u00e9cient les cachettes que cela constitue.<br>Si vous vous int\u00e9ressez au \u00ab\u00a0<a rel=\"noreferrer noopener\" href=\"https:\/\/fr.wikipedia.org\/wiki\/Cycle_de_l%27azote\" target=\"_blank\">cycle de<\/a><a href=\"https:\/\/fr.wikipedia.org\/wiki\/Cycle_de_l%27azote\"> l&rsquo;azote<\/a>\u00ab\u00a0, vous comprendrez le r\u00f4le important que joue les bact\u00e9ries dans la transformation des d\u00e9jections en phosphate, ces bact\u00e9ries se d\u00e9veloppent bien \u00e0 condition de disposer d&rsquo;un substrat comportant de nombreuses asp\u00e9rit\u00e9s. Pour elles, j&rsquo;ai d\u00e9pos\u00e9 ~10kg de pouzzolane entre les pierres du fond de bassin.<br><em>extrait Wikipedia :<\/em><br><img loading=\"lazy\" decoding=\"async\" width=\"300\" height=\"185\" class=\"wp-image-434\" style=\"width: 300px;\" src=\"https:\/\/ma-serre.org\/wp-content\/uploads\/2022\/10\/cycleAzote.png\" alt=\"\" srcset=\"https:\/\/ma-serre.org\/wp-content\/uploads\/2022\/10\/cycleAzote.png 1049w, https:\/\/ma-serre.org\/wp-content\/uploads\/2022\/10\/cycleAzote-300x185.png 300w, https:\/\/ma-serre.org\/wp-content\/uploads\/2022\/10\/cycleAzote-1024x631.png 1024w, https:\/\/ma-serre.org\/wp-content\/uploads\/2022\/10\/cycleAzote-768x473.png 768w\" sizes=\"auto, (max-width: 300px) 100vw, 300px\" \/> <img loading=\"lazy\" decoding=\"async\" width=\"240\" height=\"181\" class=\"wp-image-436\" style=\"width: 240px;\" src=\"https:\/\/ma-serre.org\/wp-content\/uploads\/2022\/10\/cycleAzoteTxt.png\" alt=\"\"><br>Toutes r\u00e9alisations s\u00e9rieuses d&rsquo;une piscine doit pr\u00e9voir un puits de d\u00e9compression, ou puisard. Afin d&rsquo;assurer un niveau maximum au bassin, je perce \u00e0 bonne hauteur le passage d&rsquo;un tube D50 entre celui-ci et le puisard. Ceci devrait \u00e9viter des d\u00e9bordements lors des tr\u00e8s grosses pluies. <br><\/li><li><strong>Le marais<\/strong> :<br>Le plancher ne couvre pas tout le bassin, et heureusement pour les poissons.<br>En bout de grand bac, sur la fin de pente, j&rsquo;ai dispos\u00e9 des pierres pour cr\u00e9er une vasi\u00e8re.<br>C&rsquo;est ici que d\u00e9bouche la fontaine du circuit d&rsquo;eau principal. Cette vasi\u00e8re communique avec le bassin, les poissons peuvent venir s&rsquo;y promener.<br>Les iris et la menthe s&rsquo;y d\u00e9veloppent \u00e0 foison. Elles contribuent \u00e0 oxyg\u00e9ner l&rsquo;eau.<br><a href=\"https:\/\/ma-serre.org\/wp-content\/uploads\/2022\/10\/marais-2.png\" target=\"_blank\" rel=\"noreferrer noopener\"><img loading=\"lazy\" decoding=\"async\" width=\"300\" height=\"218\" class=\"wp-image-422\" style=\"width: 300px;\" src=\"https:\/\/ma-serre.org\/wp-content\/uploads\/2022\/10\/marais-2.png\" alt=\"\" srcset=\"https:\/\/ma-serre.org\/wp-content\/uploads\/2022\/10\/marais-2.png 719w, https:\/\/ma-serre.org\/wp-content\/uploads\/2022\/10\/marais-2-300x218.png 300w\" sizes=\"auto, (max-width: 300px) 100vw, 300px\" \/><\/a>   <a href=\"https:\/\/ma-serre.org\/wp-content\/uploads\/2022\/10\/marais-4.png\" target=\"_blank\" rel=\"noreferrer noopener\"><img loading=\"lazy\" decoding=\"async\" width=\"290\" height=\"219\" class=\"wp-image-421\" style=\"width: 290px;\" src=\"https:\/\/ma-serre.org\/wp-content\/uploads\/2022\/10\/marais-4.png\" alt=\"\" srcset=\"https:\/\/ma-serre.org\/wp-content\/uploads\/2022\/10\/marais-4.png 997w, https:\/\/ma-serre.org\/wp-content\/uploads\/2022\/10\/marais-4-300x226.png 300w, https:\/\/ma-serre.org\/wp-content\/uploads\/2022\/10\/marais-4-768x579.png 768w\" sizes=\"auto, (max-width: 290px) 100vw, 290px\" \/><\/a><br><mark style=\"background-color:rgba(0, 0, 0, 0)\" class=\"has-inline-color has-blue-color\">#<\/mark> <em>am\u00e9nagement pierre et marais et fontaine<\/em><br><\/li><li><strong>Arrosage<\/strong> :<br>Tous les bacs vont recevoir un syst\u00e8me d&rsquo;arrosage en goutte \u00e0 goutte, aliment\u00e9 par la cuve de 1000L plac\u00e9e \u00e0 ~3m en hauteur. La gravit\u00e9 devrait faire son \u0153uvre.<br>J&rsquo;utilise autant que possible la tuyauterie de la piscine.<\/li><\/ul>\n\n\n\n<hr class=\"wp-block-separator has-alpha-channel-opacity\"\/>\n\n\n\n<p><a rel=\"noreferrer noopener\" href=\"https:\/\/ma-serre.org\/wp-content\/uploads\/2022\/10\/DSC_0049_800x600.jpg\" target=\"_blank\"><img loading=\"lazy\" decoding=\"async\" width=\"700\" height=\"466\" class=\"wp-image-415\" style=\"width: 700px;\" src=\"https:\/\/ma-serre.org\/wp-content\/uploads\/2022\/10\/DSC_0049_800x600.jpg\" alt=\"\" srcset=\"https:\/\/ma-serre.org\/wp-content\/uploads\/2022\/10\/DSC_0049_800x600.jpg 800w, https:\/\/ma-serre.org\/wp-content\/uploads\/2022\/10\/DSC_0049_800x600-300x200.jpg 300w, https:\/\/ma-serre.org\/wp-content\/uploads\/2022\/10\/DSC_0049_800x600-768x512.jpg 768w\" sizes=\"auto, (max-width: 700px) 100vw, 700px\" \/><\/a><br><mark style=\"background-color:rgba(0, 0, 0, 0)\" class=\"has-inline-color has-blue-color\">#<\/mark> <em>vue sur la plage r\u00e9am\u00e9nag\u00e9e au printemps<\/em> : bac du mur \u00e0 gauche, bac central, bacs bas &amp; ficus<br><a href=\"https:\/\/ma-serre.org\/wp-content\/uploads\/2022\/10\/DSC_0014_800x600.jpg\" target=\"_blank\" rel=\"noreferrer noopener\"><img loading=\"lazy\" decoding=\"async\" width=\"700\" height=\"466\" class=\"wp-image-417\" style=\"width: 700px;\" src=\"https:\/\/ma-serre.org\/wp-content\/uploads\/2022\/10\/DSC_0014_800x600.jpg\" alt=\"\" srcset=\"https:\/\/ma-serre.org\/wp-content\/uploads\/2022\/10\/DSC_0014_800x600.jpg 800w, https:\/\/ma-serre.org\/wp-content\/uploads\/2022\/10\/DSC_0014_800x600-300x200.jpg 300w, https:\/\/ma-serre.org\/wp-content\/uploads\/2022\/10\/DSC_0014_800x600-768x512.jpg 768w\" sizes=\"auto, (max-width: 700px) 100vw, 700px\" \/><\/a><br><mark style=\"background-color:rgba(0, 0, 0, 0)\" class=\"has-inline-color has-blue-color\">#<\/mark> <em>vue sur la plage r\u00e9am\u00e9nag\u00e9e en d\u00e9but d&rsquo;\u00e9t\u00e9<\/em><\/p>\n\n\n\n<pre class=\"wp-block-preformatted\">Aquaponie... Mon avis sur le sujet :\nJ'ai mis en \u0153uvre un bac \u00e0 mar\u00e9e. Pour en savoir plus sur le sujet, je vous invite \u00e0 regarder : <a href=\"https:\/\/www.youtube.com\/channel\/UCm_4jAjW6unqwza5Yr2aobw\">Norbert <\/a><a href=\"https:\/\/www.youtube.com\/channel\/UCm_4jAjW6unqwza5Yr2aobw\" target=\"_blank\" rel=\"noreferrer noopener\">Aquaponie<\/a>\nLes r\u00e9sultats \u00e9taient pour le moins tr\u00e8s modestes, tomates, poivrons, oignons n'ont pratiquement rien donn\u00e9s, seule la menthe a pouss\u00e9e g\u00e9n\u00e9reusement.\nMon analyse c'est que le nombre de mes poissons est trop faible et que les plantes d'eau sont trop nombreuses.\nMais je crois aussi que les syst\u00e8mes en aquaponie, ne sont pas aussi vertueux qu'annonc\u00e9. En effet, il faut grassement nourrir les poissons et le pompage doit \u00eatre permanent, c.\u00e0 d. que ce n'est pas compatible avec un pompage solaire intermittent.\nJe dois par contre aux visionnages des techniques sur l'aquaponie, d'avoir mieux compris le cycle de l'azote.   <\/pre>\n\n\n\n<p><a href=\"https:\/\/ma-serre.org\/index.php\/comment\/\">retour<\/a><\/p>\n","protected":false},"excerpt":{"rendered":"<p>Les bacs sont \u00e9videment des \u00e9l\u00e9ments essentiels de la serre.Leur taille, profondeur et emplacement sont d\u00e9cid\u00e9s en fonction de leurs usages. retour Le bac \u00e0 arbres :C&rsquo;est le plus grand et le plus profond.Je le r\u00e9alise en fond de bassin &hellip; <a href=\"https:\/\/ma-serre.org\/index.php\/bacs\/\">Continuer la lecture <span class=\"meta-nav\">&rarr;<\/span><\/a><\/p>\n","protected":false},"author":1,"featured_media":0,"parent":0,"menu_order":0,"comment_status":"closed","ping_status":"closed","template":"","meta":{"footnotes":""},"class_list":["post-169","page","type-page","status-publish","hentry"],"_links":{"self":[{"href":"https:\/\/ma-serre.org\/index.php\/wp-json\/wp\/v2\/pages\/169","targetHints":{"allow":["GET"]}}],"collection":[{"href":"https:\/\/ma-serre.org\/index.php\/wp-json\/wp\/v2\/pages"}],"about":[{"href":"https:\/\/ma-serre.org\/index.php\/wp-json\/wp\/v2\/types\/page"}],"author":[{"embeddable":true,"href":"https:\/\/ma-serre.org\/index.php\/wp-json\/wp\/v2\/users\/1"}],"replies":[{"embeddable":true,"href":"https:\/\/ma-serre.org\/index.php\/wp-json\/wp\/v2\/comments?post=169"}],"version-history":[{"count":41,"href":"https:\/\/ma-serre.org\/index.php\/wp-json\/wp\/v2\/pages\/169\/revisions"}],"predecessor-version":[{"id":560,"href":"https:\/\/ma-serre.org\/index.php\/wp-json\/wp\/v2\/pages\/169\/revisions\/560"}],"wp:attachment":[{"href":"https:\/\/ma-serre.org\/index.php\/wp-json\/wp\/v2\/media?parent=169"}],"curies":[{"name":"wp","href":"https:\/\/api.w.org\/{rel}","templated":true}]}}