{"id":217,"date":"2021-12-30T10:39:16","date_gmt":"2021-12-30T09:39:16","guid":{"rendered":"https:\/\/ma-serre.org\/?page_id=217"},"modified":"2023-01-22T17:47:17","modified_gmt":"2023-01-22T16:47:17","slug":"circuit-eau","status":"publish","type":"page","link":"https:\/\/ma-serre.org\/index.php\/circuit-eau\/","title":{"rendered":"circuit eau"},"content":{"rendered":"\n<p><a href=\"https:\/\/ma-serre.org\/index.php\/comment\/\">retour<\/a><\/p>\n\n\n\n<p>L&rsquo;eau est primordiale dans un \u00e9cosyst\u00e8me tel que la serre. C&rsquo;est donc un sujet sur lequel je vais particuli\u00e8rement travailler.<br>Il doit r\u00e9pondre aux crit\u00e8res suivants :<br>&#8211; stockage d&rsquo;un grand volume d&rsquo;eau (10 \u00e0 12m3)<br>&#8211; r\u00e9cup\u00e9ration des eaux de pluie (~120m2 de toiture)<br>&#8211; accueillir des plantes aquatiques<br>&#8211; accueillir  des poissons<br>&#8211; arrosage des bacs par gravit\u00e9 en goutte \u00e0 goutte<\/p>\n\n\n\n<p>L&rsquo;eau est vivante, il faut la faire circuler et l&rsquo;a\u00e9rer pour les plantes et les poissons.<br>2 circuits sont r\u00e9alis\u00e9s :<br>   &#8211; un circuit principal qui remonte l&rsquo;eau du bassin vers une cuve de 1000l, et permet un arrosage par gravit\u00e9. La pompe de relevage est aliment\u00e9e par un panneaux solaire.<br>L&rsquo;eau revient en trop plein vers le bassin par une fontaine intermittente. <br>   &#8211; un circuit secondaire alimente un bac \u00e0 mar\u00e9e, qui se vide dans le fond du grand bac \u00e0 arbre. Le niveau d&rsquo;eau est maintenu \u00e0 ~10cm et constitue une pseudo nappe phr\u00e9atique.<br>1 petite pompe de relevage est aliment\u00e9e par le px solaire, 2 pompes en sortie assurent le maintient du niveau.<br>  &#8211; en d\u00e9but 2023, j&rsquo;ai ajout\u00e9 un long tube de 160mm de diam\u00e8tre et 10m de long (200 litres), fix\u00e9 au plus haut de la structure de la charpente. Du m\u00eame coup, je rallonge le circuit secondaire en amenant l&rsquo;eau dans ce r\u00e9servoir a\u00e9rien. Le trop-plein va revenir dans le bac \u00e0 mar\u00e9e. Ce nouveau volume d&rsquo;eau \u00e0 ~2,5m de hauteur r\u00e9sout le probl\u00e8me d&rsquo;arrosage du bac central de la plage et permet l&rsquo;arrosage de 4 goutti\u00e8res de fraisiers.<\/p>\n\n\n\n<p>Pour maintenir une eau de qualit\u00e9, de nombreuses plantes aquatiques sont dispos\u00e9es dans le bassin.<br>La d\u00e9jection des poissons est transform\u00e9e par des bact\u00e9ries sp\u00e9cialis\u00e9es, celles-ci trouvent refuge id\u00e9alement dans une gravi\u00e8re en fond de bassin. Le bac \u00e0 mar\u00e9e rempli de billes d&rsquo;argile favorise lui aussi la vie de ces bact\u00e9ries.<br>Apr\u00e8s 1 an de vie, l&rsquo;eau du bassin est claire et les poissons semblent vivace et se reproduisent r\u00e9guli\u00e8rement, c&rsquo;est un bon indicateur.<\/p>\n\n\n\n<p>circuits de l&rsquo;eau dans la serre (il manque le nouveau r\u00e9servoir a\u00e9rien) :<\/p>\n\n\n\n<figure class=\"wp-block-image size-full\"><img loading=\"lazy\" decoding=\"async\" width=\"838\" height=\"555\" src=\"https:\/\/ma-serre.org\/wp-content\/uploads\/2022\/09\/circuit.png\" alt=\"\" class=\"wp-image-318\" srcset=\"https:\/\/ma-serre.org\/wp-content\/uploads\/2022\/09\/circuit.png 838w, https:\/\/ma-serre.org\/wp-content\/uploads\/2022\/09\/circuit-300x199.png 300w, https:\/\/ma-serre.org\/wp-content\/uploads\/2022\/09\/circuit-768x509.png 768w\" sizes=\"auto, (max-width: 838px) 100vw, 838px\" \/><figcaption class=\"wp-element-caption\">circuits de l&rsquo;eau<\/figcaption><\/figure>\n\n\n\n<pre id=\"siphonCloche0\" class=\"wp-block-preformatted\">Vous voyez sur le sch\u00e9ma ci-dessus, 2 siphons. Ceux-ci sont particuliers, on les nomme aussi : <a href=\"https:\/\/fr.wikipedia.org\/wiki\/Coupe_de_Pythagore#:~:text=Une%20coupe%20de%20Pythagore%20ou,jusqu'%C3%A0%20un%20certain%20niveau.\">Coupe de Pythagore<\/a>\nLeur r\u00f4le est de vid\u00e9e compl\u00e8tement les cuves d\u00e8s que celles-ci sont pleines. C'est ce qui va cr\u00e9er la fontaines intermittente et le bac \u00e0 mar\u00e9e.\nPour en comprendre le principe, je vous invite \u00e0 consulter <a href=\"https:\/\/www.aquaponie.fr\/fabriquer-siphon-cloche-automatique\/\">ce site<\/a>.\n<img loading=\"lazy\" decoding=\"async\" width=\"700\" height=\"237\" class=\"wp-image-340\" style=\"width: 700px;\" src=\"https:\/\/ma-serre.org\/wp-content\/uploads\/2022\/09\/fonctionnement-siphon-cloche-900x305-1.jpg\" alt=\"\" srcset=\"https:\/\/ma-serre.org\/wp-content\/uploads\/2022\/09\/fonctionnement-siphon-cloche-900x305-1.jpg 900w, https:\/\/ma-serre.org\/wp-content\/uploads\/2022\/09\/fonctionnement-siphon-cloche-900x305-1-300x102.jpg 300w, https:\/\/ma-serre.org\/wp-content\/uploads\/2022\/09\/fonctionnement-siphon-cloche-900x305-1-768x260.jpg 768w\" sizes=\"auto, (max-width: 700px) 100vw, 700px\" \/>\nNotez que les 2 coudes du bas, sont importants, ils permettent de favoriser l'amor\u00e7age du siphon. Un petit \u00e9tranglement \u00e0 ce niveau va en faciliter le fonctionnement.\n2 formes sont possibles :\n     siphon en U : <a href=\"https:\/\/ma-serre.org\/wp-content\/uploads\/2022\/09\/siphon-U.png\" data-type=\"URL\" data-id=\"https:\/\/ma-serre.org\/wp-content\/uploads\/2022\/09\/siphon-U.png\" target=\"_blank\" rel=\"noreferrer noopener\"><img loading=\"lazy\" decoding=\"async\" width=\"300\" height=\"166\" class=\"wp-image-341\" style=\"width: 300px;\" src=\"https:\/\/ma-serre.org\/wp-content\/uploads\/2022\/09\/siphon-U.png\" alt=\"\" srcset=\"https:\/\/ma-serre.org\/wp-content\/uploads\/2022\/09\/siphon-U.png 802w, https:\/\/ma-serre.org\/wp-content\/uploads\/2022\/09\/siphon-U-300x166.png 300w, https:\/\/ma-serre.org\/wp-content\/uploads\/2022\/09\/siphon-U-768x425.png 768w\" sizes=\"auto, (max-width: 300px) 100vw, 300px\" \/><\/a>\n     siphon cloche :<a href=\"https:\/\/ma-serre.org\/wp-content\/uploads\/2022\/09\/siphon-cloche.png\" target=\"_blank\" rel=\"noreferrer noopener\"><img loading=\"lazy\" decoding=\"async\" width=\"300\" height=\"166\" class=\"wp-image-342\" style=\"width: 300px;\" src=\"https:\/\/ma-serre.org\/wp-content\/uploads\/2022\/09\/siphon-cloche.png\" alt=\"\" srcset=\"https:\/\/ma-serre.org\/wp-content\/uploads\/2022\/09\/siphon-cloche.png 593w, https:\/\/ma-serre.org\/wp-content\/uploads\/2022\/09\/siphon-cloche-300x166.png 300w\" sizes=\"auto, (max-width: 300px) 100vw, 300px\" \/><\/a>\n<a href=\"https:\/\/ma-serre.org\/index.php\/comment\/\">retour<\/a><\/pre>\n","protected":false},"excerpt":{"rendered":"<p>retour L&rsquo;eau est primordiale dans un \u00e9cosyst\u00e8me tel que la serre. C&rsquo;est donc un sujet sur lequel je vais particuli\u00e8rement travailler.Il doit r\u00e9pondre aux crit\u00e8res suivants :&#8211; stockage d&rsquo;un grand volume d&rsquo;eau (10 \u00e0 12m3)&#8211; r\u00e9cup\u00e9ration des eaux de pluie &hellip; <a href=\"https:\/\/ma-serre.org\/index.php\/circuit-eau\/\">Continuer la lecture <span class=\"meta-nav\">&rarr;<\/span><\/a><\/p>\n","protected":false},"author":1,"featured_media":0,"parent":0,"menu_order":0,"comment_status":"closed","ping_status":"closed","template":"","meta":{"footnotes":""},"class_list":["post-217","page","type-page","status-publish","hentry"],"_links":{"self":[{"href":"https:\/\/ma-serre.org\/index.php\/wp-json\/wp\/v2\/pages\/217","targetHints":{"allow":["GET"]}}],"collection":[{"href":"https:\/\/ma-serre.org\/index.php\/wp-json\/wp\/v2\/pages"}],"about":[{"href":"https:\/\/ma-serre.org\/index.php\/wp-json\/wp\/v2\/types\/page"}],"author":[{"embeddable":true,"href":"https:\/\/ma-serre.org\/index.php\/wp-json\/wp\/v2\/users\/1"}],"replies":[{"embeddable":true,"href":"https:\/\/ma-serre.org\/index.php\/wp-json\/wp\/v2\/comments?post=217"}],"version-history":[{"count":11,"href":"https:\/\/ma-serre.org\/index.php\/wp-json\/wp\/v2\/pages\/217\/revisions"}],"predecessor-version":[{"id":581,"href":"https:\/\/ma-serre.org\/index.php\/wp-json\/wp\/v2\/pages\/217\/revisions\/581"}],"wp:attachment":[{"href":"https:\/\/ma-serre.org\/index.php\/wp-json\/wp\/v2\/media?parent=217"}],"curies":[{"name":"wp","href":"https:\/\/api.w.org\/{rel}","templated":true}]}}