{"id":23,"date":"2019-08-21T08:01:34","date_gmt":"2019-08-21T06:01:34","guid":{"rendered":"http:\/\/ma-serre.org\/?page_id=23"},"modified":"2022-11-06T12:39:17","modified_gmt":"2022-11-06T11:39:17","slug":"comment","status":"publish","type":"page","link":"https:\/\/ma-serre.org\/index.php\/comment\/","title":{"rendered":"r\u00e9alisations"},"content":{"rendered":"\n<p>Je d\u00e9cris dans les diff\u00e9rents chapitres qui suivent, les \u00e9tapes de la r\u00e9alisation de cette serre.<br>Elle n&rsquo;est pas termin\u00e9e, il reste encore beaucoup de travail et je prends mon temps.<\/p>\n\n\n\n<p>Au programme et en vrac :<\/p>\n\n\n\n<div class=\"wp-block-media-text alignwide has-media-on-the-right is-stacked-on-mobile\" style=\"grid-template-columns:auto 57%\"><figure class=\"wp-block-media-text__media\"><a href=\"https:\/\/ma-serre.org\/wp-content\/uploads\/2022\/11\/exterieur_jardin3D.png\" target=\"_blank\" rel=\"noreferrer noopener\"><img loading=\"lazy\" decoding=\"async\" width=\"938\" height=\"511\" src=\"https:\/\/ma-serre.org\/wp-content\/uploads\/2022\/11\/exterieur_jardin3D.png\" alt=\"\" class=\"wp-image-502 size-full\" srcset=\"https:\/\/ma-serre.org\/wp-content\/uploads\/2022\/11\/exterieur_jardin3D.png 938w, https:\/\/ma-serre.org\/wp-content\/uploads\/2022\/11\/exterieur_jardin3D-300x163.png 300w, https:\/\/ma-serre.org\/wp-content\/uploads\/2022\/11\/exterieur_jardin3D-768x418.png 768w\" sizes=\"auto, (max-width: 938px) 100vw, 938px\" \/><\/a><\/figure><div class=\"wp-block-media-text__content\">\n<ul class=\"wp-block-list\"><li>la <a href=\"https:\/\/ma-serre.org\/index.php\/structure\/\">structure<\/a><br>&#8211; charpente &amp; toiture<br>&#8211; plancher<br>&#8211; acc\u00e8s<\/li><li>le <a href=\"https:\/\/ma-serre.org\/index.php\/circuit-eau\/\">circuit de l&rsquo;eau<\/a><br>&#8211; la r\u00e9cup\u00e9ration des eaux de pluie<br>&#8211; le pompage<br>&#8211; l&rsquo;arrosage par gravit\u00e9<br>&#8211; la pseudo nappe phr\u00e9atique<\/li><li>le <a href=\"https:\/\/ma-serre.org\/index.php\/circuit-energie\/\">circuit de l&rsquo;\u00e9nergie autonome<\/a><br>&#8211; panneaux solaires et accumulateurs<br>&#8211; le pilotage<\/li><\/ul>\n<\/div><\/div>\n\n\n\n<div class=\"wp-block-media-text alignwide is-stacked-on-mobile\" style=\"grid-template-columns:68% auto\"><figure class=\"wp-block-media-text__media\"><a href=\"https:\/\/ma-serre.org\/wp-content\/uploads\/2022\/11\/exterieur_jardin.png\" target=\"_blank\" rel=\"noreferrer noopener\"><img loading=\"lazy\" decoding=\"async\" width=\"900\" height=\"675\" src=\"https:\/\/ma-serre.org\/wp-content\/uploads\/2022\/11\/exterieur_jardin.png\" alt=\"\" class=\"wp-image-501 size-full\" srcset=\"https:\/\/ma-serre.org\/wp-content\/uploads\/2022\/11\/exterieur_jardin.png 900w, https:\/\/ma-serre.org\/wp-content\/uploads\/2022\/11\/exterieur_jardin-300x225.png 300w, https:\/\/ma-serre.org\/wp-content\/uploads\/2022\/11\/exterieur_jardin-768x576.png 768w\" sizes=\"auto, (max-width: 900px) 100vw, 900px\" \/><\/a><\/figure><div class=\"wp-block-media-text__content\">\n<ul class=\"wp-block-list\"><li>les <a href=\"https:\/\/ma-serre.org\/index.php\/bacs\/\">bacs de culture<\/a><br>&#8211; bac \u00e0 arbre<br>&#8211; bacs enterr\u00e9s<br>&#8211; bacs hors sol<br>&#8211; bac d&rsquo;aquaponiele<\/li><li><a href=\"https:\/\/ma-serre.org\/index.php\/aeration-de-la-serre\/\">syst\u00e8me d&rsquo;a\u00e9ration<\/a><\/li><\/ul>\n<\/div><\/div>\n\n\n\n        <div class=\"modelViewerBlock\" data-attributes='{&quot;align&quot;:&quot;center&quot;,&quot;uniqueId&quot;:&quot;model377&quot;,&quot;currentViewer&quot;:&quot;modelViewer&quot;,&quot;multiple&quot;:false,&quot;O3DVSettings&quot;:{&quot;isFullscreen&quot;:true,&quot;isPagination&quot;:false,&quot;isNavigation&quot;:false,&quot;camera&quot;:null,&quot;mouseControl&quot;:true},&quot;environmentImage&quot;:null,&quot;lazyLoad&quot;:false,&quot;loading&quot;:&quot;auto&quot;,&quot;autoplay&quot;:false,&quot;shadow&quot;:&quot;1&quot;,&quot;autoRotate&quot;:true,&quot;zoomLevel&quot;:null,&quot;zoom&quot;:true,&quot;isPagination&quot;:false,&quot;isNavigation&quot;:false,&quot;hotspotStyle&quot;:&quot;style-1&quot;,&quot;preload&quot;:&quot;auto&quot;,&quot;rotationPerSecond&quot;:&quot;30&quot;,&quot;mouseControl&quot;:true,&quot;lockXAxisRotation&quot;:false,&quot;lockYAxisRotation&quot;:false,&quot;fullscreen&quot;:true,&quot;zoomInOutBtn&quot;:false,&quot;cameraBtn&quot;:false,&quot;variant&quot;:false,&quot;loadingPercentage&quot;:false,&quot;progressBar&quot;:true,&quot;rotate&quot;:false,&quot;rotateDelay&quot;:3000,&quot;rotateAlongX&quot;:&quot;0&quot;,&quot;rotateAlongY&quot;:&quot;75&quot;,&quot;exposure&quot;:null,&quot;stylesheet&quot;:null,&quot;additional&quot;:{&quot;ID&quot;:&quot;&quot;,&quot;Class&quot;:&quot;&quot;,&quot;CSS&quot;:null},&quot;animation&quot;:false,&quot;woo&quot;:false,&quot;selectedAnimation&quot;:&quot;&quot;,&quot;placement&quot;:&quot;shortcode&quot;,&quot;styles&quot;:{&quot;width&quot;:&quot;900px&quot;,&quot;height&quot;:&quot;400px&quot;,&quot;bgColor&quot;:&quot;transparent&quot;,&quot;progressBarColor&quot;:null},&quot;model&quot;:{&quot;modelUrl&quot;:&quot;https:\\\/\\\/ma-serre.org\\\/wp-content\\\/uploads\\\/2022\\\/11\\\/SERRE-3.glb&quot;,&quot;poster&quot;:&quot;&quot;},&quot;models&quot;:[]}'>\n            <div class=\"bp3d_backup_view\" style=\"display: none;height:350px;\">\n                    <model-viewer camera-controls src=\"https:\/\/ma-serre.org\/wp-content\/uploads\/2022\/11\/SERRE-3.glb\" style=\"height: 350px;\"><\/model-viewer>\n            <\/div>\n            <script>\n                setTimeout(() => {\n                    let backupModels = document.querySelectorAll('.bp3d_backup_view');\n                    if(backupModels.length > 0){\n                        backupModels.forEach(element => {\n                            if(element){\n                                element.style.display = 'block';\n                                setTimeout(() => {\n                                    let adminMessages = document.querySelectorAll('.bp3d_admin_message');\n                                    if(adminMessages.length > 0){\n                                        adminMessages.forEach(adminMessage => {\n                                            if(adminMessage){\n                                                adminMessage.style.display = 'block';\n                                            }\n                                        });\n                                    }\n                                }, 5000);\n                            }\n                        });\n                    }\n                }, 5000);\n            <\/script>\n        <\/div>\n\n\n","protected":false},"excerpt":{"rendered":"<p>Je d\u00e9cris dans les diff\u00e9rents chapitres qui suivent, les \u00e9tapes de la r\u00e9alisation de cette serre.Elle n&rsquo;est pas termin\u00e9e, il reste encore beaucoup de travail et je prends mon temps. Au programme et en vrac : la structure&#8211; charpente &amp; &hellip; <a href=\"https:\/\/ma-serre.org\/index.php\/comment\/\">Continuer la lecture <span class=\"meta-nav\">&rarr;<\/span><\/a><\/p>\n","protected":false},"author":1,"featured_media":0,"parent":0,"menu_order":0,"comment_status":"closed","ping_status":"closed","template":"","meta":{"footnotes":""},"class_list":["post-23","page","type-page","status-publish","hentry"],"_links":{"self":[{"href":"https:\/\/ma-serre.org\/index.php\/wp-json\/wp\/v2\/pages\/23","targetHints":{"allow":["GET"]}}],"collection":[{"href":"https:\/\/ma-serre.org\/index.php\/wp-json\/wp\/v2\/pages"}],"about":[{"href":"https:\/\/ma-serre.org\/index.php\/wp-json\/wp\/v2\/types\/page"}],"author":[{"embeddable":true,"href":"https:\/\/ma-serre.org\/index.php\/wp-json\/wp\/v2\/users\/1"}],"replies":[{"embeddable":true,"href":"https:\/\/ma-serre.org\/index.php\/wp-json\/wp\/v2\/comments?post=23"}],"version-history":[{"count":13,"href":"https:\/\/ma-serre.org\/index.php\/wp-json\/wp\/v2\/pages\/23\/revisions"}],"predecessor-version":[{"id":556,"href":"https:\/\/ma-serre.org\/index.php\/wp-json\/wp\/v2\/pages\/23\/revisions\/556"}],"wp:attachment":[{"href":"https:\/\/ma-serre.org\/index.php\/wp-json\/wp\/v2\/media?parent=23"}],"curies":[{"name":"wp","href":"https:\/\/api.w.org\/{rel}","templated":true}]}}