{"id":33,"date":"2019-08-21T08:04:16","date_gmt":"2019-08-21T06:04:16","guid":{"rendered":"http:\/\/ma-serre.org\/?page_id=33"},"modified":"2023-01-22T17:37:38","modified_gmt":"2023-01-22T16:37:38","slug":"structure","status":"publish","type":"page","link":"https:\/\/ma-serre.org\/index.php\/structure\/","title":{"rendered":"structure"},"content":{"rendered":"\n<p><a href=\"https:\/\/ma-serre.org\/index.php\/comment\/\">retour<\/a><\/p>\n\n\n\n<p>La structure r\u00e9alis\u00e9e en douglas, doit permettre la liaison avec les panneaux du bassin, supporter la couverture de panneaux de plexiglas recouvrant la plage et donc d\u00e9finir le volume de la serre elle-m\u00eame.<\/p>\n\n\n\n<figure class=\"wp-block-image size-large\"><img loading=\"lazy\" decoding=\"async\" width=\"1024\" height=\"576\" src=\"https:\/\/ma-serre.org\/wp-content\/uploads\/2021\/12\/serre-cotes-1-1024x576.png\" alt=\"b\u00e2ti\" class=\"wp-image-118\"\/><figcaption class=\"wp-element-caption\">d\u00e9termination de la forme de la serre<\/figcaption><\/figure>\n\n\n\n<p>\u00c0 l&rsquo;aide de <a href=\"https:\/\/www.freecadweb.org\/index.php?lang=fr\">Freecad<\/a>, logiciel de dessin 3D libre , je d\u00e9fini la forme de cette structure de mani\u00e8re \u00e0 obtenir une continuit\u00e9 fluide entre les panneaux arrondis du bassin et la partie plane recouvrant la plage.<br>Les panneaux sont \u00e9quip\u00e9s \u00e0 l&rsquo;origine de 2 trappes. Celles-ci sont positionn\u00e9es sur le flan le plus vertical des panneaux et constituent 2 portes glissantes de 1m80 de hauteur. Elles donnent sur le jardin, \u00e0 l&rsquo;oppos\u00e9 de la plage.<br><img loading=\"lazy\" decoding=\"async\" width=\"150\" height=\"200\" class=\"wp-image-475\" style=\"width: 150px;\" src=\"https:\/\/ma-serre.org\/wp-content\/uploads\/2022\/10\/trappeA.png\" alt=\"\" srcset=\"https:\/\/ma-serre.org\/wp-content\/uploads\/2022\/10\/trappeA.png 900w, https:\/\/ma-serre.org\/wp-content\/uploads\/2022\/10\/trappeA-225x300.png 225w, https:\/\/ma-serre.org\/wp-content\/uploads\/2022\/10\/trappeA-768x1024.png 768w\" sizes=\"auto, (max-width: 150px) 100vw, 150px\" \/> Les trappes : c\u00f4t\u00e9 rampe      |      c\u00f4t\u00e9 plateforme  <img loading=\"lazy\" decoding=\"async\" width=\"150\" height=\"200\" class=\"wp-image-476\" style=\"width: 150px;\" src=\"https:\/\/ma-serre.org\/wp-content\/uploads\/2022\/10\/trappeD.png\" alt=\"\" srcset=\"https:\/\/ma-serre.org\/wp-content\/uploads\/2022\/10\/trappeD.png 900w, https:\/\/ma-serre.org\/wp-content\/uploads\/2022\/10\/trappeD-225x300.png 225w, https:\/\/ma-serre.org\/wp-content\/uploads\/2022\/10\/trappeD-768x1024.png 768w\" sizes=\"auto, (max-width: 150px) 100vw, 150px\" \/><\/p>\n\n\n\n<figure class=\"wp-block-gallery has-nested-images columns-default is-cropped wp-block-gallery-1 is-layout-flex wp-block-gallery-is-layout-flex\">\n<figure class=\"wp-block-image size-large\"><img loading=\"lazy\" decoding=\"async\" width=\"1024\" height=\"417\" data-id=\"148\" src=\"https:\/\/ma-serre.org\/wp-content\/uploads\/2021\/12\/IMG_20190709_122218-e1640540336862-1024x417.jpg\" alt=\"\" class=\"wp-image-148\"\/><figcaption class=\"wp-element-caption\">la structure de support en Douglas<\/figcaption><\/figure>\n<\/figure>\n\n\n\n<p>Un autre \u00e9l\u00e9ment important de l&rsquo;am\u00e9nagement, est la r\u00e9alisation d&rsquo;un plancher au dessus du bassin, particuli\u00e8rement le 1\/3 en pente, entre les -90cm et -170cm de profondeur.<br>Le plancher permet la continuit\u00e9 du fond le moins important (-90cm) et agrandi la surface utilisable du fond de bassin (~10m x 5m).<br>Ce plancher est mont\u00e9 sur des traverses de 5m50 pos\u00e9es elles-m\u00eames sur 10 poteaux de b\u00e9ton moul\u00e9s dans des tubes de PVC de diam\u00e8tre 100mm.<\/p>\n\n\n\n<figure class=\"wp-block-image size-large is-resized\"><img loading=\"lazy\" decoding=\"async\" src=\"https:\/\/ma-serre.org\/wp-content\/uploads\/2021\/12\/IMG_20210428_120953-e1640598542614-1024x402.jpg\" alt=\"\" class=\"wp-image-156\" width=\"670\" height=\"263\"\/><figcaption class=\"wp-element-caption\">terrasse &#8211; traverses<\/figcaption><\/figure>\n\n\n\n<figure class=\"wp-block-gallery has-nested-images columns-default wp-block-gallery-2 is-layout-flex wp-block-gallery-is-layout-flex\">\n<figure class=\"wp-block-image size-medium\"><img loading=\"lazy\" decoding=\"async\" width=\"225\" height=\"300\" data-id=\"187\" src=\"https:\/\/ma-serre.org\/wp-content\/uploads\/2021\/12\/IMG_20210428_120916-225x300.jpg\" alt=\"\" class=\"wp-image-187\"\/><figcaption class=\"wp-element-caption\">terrasse &#8211; traverses + poteaux<\/figcaption><\/figure>\n\n\n\n<figure class=\"wp-block-image size-medium\"><img loading=\"lazy\" decoding=\"async\" width=\"300\" height=\"225\" data-id=\"193\" src=\"https:\/\/ma-serre.org\/wp-content\/uploads\/2021\/12\/IMG_20210807_190226-300x225.jpg\" alt=\"\" class=\"wp-image-193\" srcset=\"https:\/\/ma-serre.org\/wp-content\/uploads\/2021\/12\/IMG_20210807_190226-300x225.jpg 300w, https:\/\/ma-serre.org\/wp-content\/uploads\/2021\/12\/IMG_20210807_190226-1024x768.jpg 1024w, https:\/\/ma-serre.org\/wp-content\/uploads\/2021\/12\/IMG_20210807_190226-768x576.jpg 768w, https:\/\/ma-serre.org\/wp-content\/uploads\/2021\/12\/IMG_20210807_190226.jpg 1200w\" sizes=\"auto, (max-width: 300px) 100vw, 300px\" \/><figcaption class=\"wp-element-caption\">terrasse &amp; rampe d&rsquo;acc\u00e8s<\/figcaption><\/figure>\n\n\n\n<figure class=\"wp-block-image size-medium\"><img loading=\"lazy\" decoding=\"async\" width=\"300\" height=\"225\" data-id=\"190\" src=\"https:\/\/ma-serre.org\/wp-content\/uploads\/2021\/12\/IMG_20210619_144314-1-300x225.jpg\" alt=\"\" class=\"wp-image-190\" srcset=\"https:\/\/ma-serre.org\/wp-content\/uploads\/2021\/12\/IMG_20210619_144314-1-300x225.jpg 300w, https:\/\/ma-serre.org\/wp-content\/uploads\/2021\/12\/IMG_20210619_144314-1-1024x768.jpg 1024w, https:\/\/ma-serre.org\/wp-content\/uploads\/2021\/12\/IMG_20210619_144314-1-768x576.jpg 768w, https:\/\/ma-serre.org\/wp-content\/uploads\/2021\/12\/IMG_20210619_144314-1.jpg 1200w\" sizes=\"auto, (max-width: 300px) 100vw, 300px\" \/><figcaption class=\"wp-element-caption\">terrasse &amp; plateforme d&rsquo;acc\u00e8s<\/figcaption><\/figure>\n<\/figure>\n\n\n\n<p>Du c\u00f4t\u00e9 de la trappe et au dessus du bassin, j&rsquo;am\u00e9nage une plateforme qui rejoint la terrasse par un petit escalier. Ceci constitue un acc\u00e8s d&rsquo;un bout de la serre.<br>La trappe du c\u00f4t\u00e9 oppos\u00e9 voit une rampe d&rsquo;acc\u00e8s pour amener une brouette ou tout autre appareil roulant.<br>Le bassin \u00e0 l&rsquo;origine, disposait de marches qui permettaient un acc\u00e8s depuis la plage. Ces marches sont conserv\u00e9es.<br>Dans le 4\u00e8me angle, j&rsquo;ajoute 3 marches ins\u00e9r\u00e9es directement dans le b\u00e9ton.<br>En tout, il est possible de descendre dans le bassin par 4 voies diff\u00e9rentes.<\/p>\n\n\n\n<p><a href=\"https:\/\/ma-serre.org\/index.php\/comment\/\">retour<\/a><\/p>\n","protected":false},"excerpt":{"rendered":"<p>retour La structure r\u00e9alis\u00e9e en douglas, doit permettre la liaison avec les panneaux du bassin, supporter la couverture de panneaux de plexiglas recouvrant la plage et donc d\u00e9finir le volume de la serre elle-m\u00eame. \u00c0 l&rsquo;aide de Freecad, logiciel de &hellip; <a href=\"https:\/\/ma-serre.org\/index.php\/structure\/\">Continuer la lecture <span class=\"meta-nav\">&rarr;<\/span><\/a><\/p>\n","protected":false},"author":1,"featured_media":0,"parent":0,"menu_order":0,"comment_status":"closed","ping_status":"closed","template":"","meta":{"footnotes":""},"class_list":["post-33","page","type-page","status-publish","hentry"],"_links":{"self":[{"href":"https:\/\/ma-serre.org\/index.php\/wp-json\/wp\/v2\/pages\/33","targetHints":{"allow":["GET"]}}],"collection":[{"href":"https:\/\/ma-serre.org\/index.php\/wp-json\/wp\/v2\/pages"}],"about":[{"href":"https:\/\/ma-serre.org\/index.php\/wp-json\/wp\/v2\/types\/page"}],"author":[{"embeddable":true,"href":"https:\/\/ma-serre.org\/index.php\/wp-json\/wp\/v2\/users\/1"}],"replies":[{"embeddable":true,"href":"https:\/\/ma-serre.org\/index.php\/wp-json\/wp\/v2\/comments?post=33"}],"version-history":[{"count":19,"href":"https:\/\/ma-serre.org\/index.php\/wp-json\/wp\/v2\/pages\/33\/revisions"}],"predecessor-version":[{"id":579,"href":"https:\/\/ma-serre.org\/index.php\/wp-json\/wp\/v2\/pages\/33\/revisions\/579"}],"wp:attachment":[{"href":"https:\/\/ma-serre.org\/index.php\/wp-json\/wp\/v2\/media?parent=33"}],"curies":[{"name":"wp","href":"https:\/\/api.w.org\/{rel}","templated":true}]}}