{"id":465,"date":"2022-10-21T00:15:20","date_gmt":"2022-10-20T22:15:20","guid":{"rendered":"https:\/\/ma-serre.org\/?page_id=465"},"modified":"2022-10-21T00:30:59","modified_gmt":"2022-10-20T22:30:59","slug":"les-mesures-et-surveillances","status":"publish","type":"page","link":"https:\/\/ma-serre.org\/index.php\/les-mesures-et-surveillances\/","title":{"rendered":"mesures et surveillances"},"content":{"rendered":"\n<p>PISERRE<\/p>\n\n\n<div class=\"wp-block-image\">\n<figure class=\"aligncenter size-full is-resized\"><img loading=\"lazy\" decoding=\"async\" src=\"https:\/\/ma-serre.org\/wp-content\/uploads\/2022\/10\/Bx3D-ouvert.png\" alt=\"\" class=\"wp-image-469\" width=\"251\" height=\"183\" srcset=\"https:\/\/ma-serre.org\/wp-content\/uploads\/2022\/10\/Bx3D-ouvert.png 635w, https:\/\/ma-serre.org\/wp-content\/uploads\/2022\/10\/Bx3D-ouvert-300x219.png 300w\" sizes=\"auto, (max-width: 251px) 100vw, 251px\" \/><figcaption>piserre<\/figcaption><\/figure>\n<\/div>\n\n\n<p>Comme je suis passionn\u00e9 par l&rsquo;informatique, l&rsquo;\u00e9lectronique et plus particuli\u00e8rement par les automatismes, qui proposent aujourd&rsquo;hui de magnifiques possibilit\u00e9s depuis l&rsquo;apparition des <a rel=\"noreferrer noopener\" href=\"https:\/\/arduino-france.site\/\" target=\"_blank\">Arduino<\/a> et des cartes de la famille <a rel=\"noreferrer noopener\" href=\"https:\/\/raspberry-pi.fr\/actualites-raspberry-pi\/\" target=\"_blank\">Raspberry Pi<\/a>, je ne pouvais pas ne pas mettre en \u0153uvre un syst\u00e8me de suivi de la vie de la serre.<\/p>\n\n\n\n<p class=\"has-text-align-center\">J&rsquo;ai donc d\u00e9di\u00e9 un Raspberry Pi et une carte <a href=\"https:\/\/cloud.retzien.fr\/index.php\/s\/GL593jsPGiCF2iY\" target=\"_blank\" rel=\"noreferrer noopener\">Arduino \u00ab\u00a0conception maison\u00a0\u00bb<\/a>, tous les 2 en communication pour enregistrer les diff\u00e9rents \u00e9v\u00e9nements de la serre.<br><img loading=\"lazy\" decoding=\"async\" width=\"300\" height=\"225\" class=\"wp-image-466\" style=\"width: 300px;\" src=\"https:\/\/ma-serre.org\/wp-content\/uploads\/2022\/10\/IMG_20220122_164618.jpg\" alt=\"\" srcset=\"https:\/\/ma-serre.org\/wp-content\/uploads\/2022\/10\/IMG_20220122_164618.jpg 1200w, https:\/\/ma-serre.org\/wp-content\/uploads\/2022\/10\/IMG_20220122_164618-300x225.jpg 300w, https:\/\/ma-serre.org\/wp-content\/uploads\/2022\/10\/IMG_20220122_164618-1024x768.jpg 1024w, https:\/\/ma-serre.org\/wp-content\/uploads\/2022\/10\/IMG_20220122_164618-768x576.jpg 768w\" sizes=\"auto, (max-width: 300px) 100vw, 300px\" \/><\/p>\n\n\n\n<p>Au programme,<br>  &#8211; mesures :<br>    . des temp\u00e9ratures : air int\u00e9rieur, air ext\u00e9rieur, eau du grand bassin<br>    . du niveau d&rsquo;eau du bassin<br>    . des tensions de batterie et du px solaire<br>    . courants de fonctionnement et de charge<br>    . de la puissances produites par les px<br>    . du d\u00e9bit de la pompe de relevage et quantit\u00e9 d&rsquo;eau pomp\u00e9e<br>  &#8211; enregistrements et sauvegardes de toutes ces donn\u00e9es<br>  &#8211; affichage des infos et dialogue au clavier<br>  &#8211; diffusion d&rsquo;une page web <br>Le mat\u00e9riel :<br>  &#8211; une carte Raspberry pi 3B+, 1Go<br>  &#8211; une carte Arduino \u00ab\u00a0maison\u00a0\u00bb en \u00ab\u00a0hat\u00a0\u00bb<\/p>\n\n\n\n<p>\u00e0 suivre&#8230;<br><\/p>\n","protected":false},"excerpt":{"rendered":"<p>PISERRE Comme je suis passionn\u00e9 par l&rsquo;informatique, l&rsquo;\u00e9lectronique et plus particuli\u00e8rement par les automatismes, qui proposent aujourd&rsquo;hui de magnifiques possibilit\u00e9s depuis l&rsquo;apparition des Arduino et des cartes de la famille Raspberry Pi, je ne pouvais pas ne pas mettre en &hellip; <a href=\"https:\/\/ma-serre.org\/index.php\/les-mesures-et-surveillances\/\">Continuer la lecture <span class=\"meta-nav\">&rarr;<\/span><\/a><\/p>\n","protected":false},"author":1,"featured_media":0,"parent":0,"menu_order":0,"comment_status":"closed","ping_status":"closed","template":"","meta":{"footnotes":""},"class_list":["post-465","page","type-page","status-publish","hentry"],"_links":{"self":[{"href":"https:\/\/ma-serre.org\/index.php\/wp-json\/wp\/v2\/pages\/465","targetHints":{"allow":["GET"]}}],"collection":[{"href":"https:\/\/ma-serre.org\/index.php\/wp-json\/wp\/v2\/pages"}],"about":[{"href":"https:\/\/ma-serre.org\/index.php\/wp-json\/wp\/v2\/types\/page"}],"author":[{"embeddable":true,"href":"https:\/\/ma-serre.org\/index.php\/wp-json\/wp\/v2\/users\/1"}],"replies":[{"embeddable":true,"href":"https:\/\/ma-serre.org\/index.php\/wp-json\/wp\/v2\/comments?post=465"}],"version-history":[{"count":5,"href":"https:\/\/ma-serre.org\/index.php\/wp-json\/wp\/v2\/pages\/465\/revisions"}],"predecessor-version":[{"id":473,"href":"https:\/\/ma-serre.org\/index.php\/wp-json\/wp\/v2\/pages\/465\/revisions\/473"}],"wp:attachment":[{"href":"https:\/\/ma-serre.org\/index.php\/wp-json\/wp\/v2\/media?parent=465"}],"curies":[{"name":"wp","href":"https:\/\/api.w.org\/{rel}","templated":true}]}}