{"id":69,"date":"2021-12-26T15:16:04","date_gmt":"2021-12-26T14:16:04","guid":{"rendered":"http:\/\/ma-serre.org\/index.php\/teluro\/"},"modified":"2023-08-30T09:57:54","modified_gmt":"2023-08-30T07:57:54","slug":"teluro","status":"publish","type":"page","link":"https:\/\/ma-serre.org\/","title":{"rendered":"De la piscine \u00e0 la serre"},"content":{"rendered":"\n<p>En 2005, mettant \u00e0 disposition 2 locations saisonni\u00e8res chez nous, et \u00e9tant parents de 2 enfants d&rsquo;une dizaine d&rsquo;ann\u00e9es, il \u00e9tait pertinent (peut-\u00eatre !?) de mettre en \u0153uvre une piscine dans notre jardin.<br>Nous avons donc r\u00e9alis\u00e9 cette piscine de 11m x 5m, ainsi que les am\u00e9nagements de plage autour de celle-ci.<\/p>\n\n\n\n<p>En 2019, les enfants ont grandi, les locations saisonni\u00e8res ont \u00e9t\u00e9 abandonn\u00e9es, l&rsquo;usage de cette piscine s&rsquo;est r\u00e9v\u00e9l\u00e9 plus inconfortable que b\u00e9n\u00e9fique.<br>Vous ajoutez \u00e0 cela une prise de conscience forte de l&rsquo;impact n\u00e9gatif d&rsquo;une piscine sur l&rsquo;environnement, et nous en sommes arriv\u00e9s, presque naturellement \u00e0 cette d\u00e9cision :<br>\u00ab\u00a0LA PISCINE N&rsquo;AVAIT PLUS SA PLACE CHEZ NOUS&#8230;\u00a0\u00bb          <strong>MAIS QU&rsquo;EN FAIRE ???<\/strong><\/p>\n\n\n\n<h2 class=\"wp-block-heading\"><img loading=\"lazy\" decoding=\"async\" width=\"700\" height=\"400\" class=\"wp-image-482\" style=\"width: 700px;\" src=\"https:\/\/ma-serre.org\/wp-content\/uploads\/2022\/11\/3D-1.png\" alt=\"\" srcset=\"https:\/\/ma-serre.org\/wp-content\/uploads\/2022\/11\/3D-1.png 972w, https:\/\/ma-serre.org\/wp-content\/uploads\/2022\/11\/3D-1-300x171.png 300w, https:\/\/ma-serre.org\/wp-content\/uploads\/2022\/11\/3D-1-768x439.png 768w\" sizes=\"auto, (max-width: 700px) 100vw, 700px\" \/><\/h2>\n","protected":false},"excerpt":{"rendered":"<p>En 2005, mettant \u00e0 disposition 2 locations saisonni\u00e8res chez nous, et \u00e9tant parents de 2 enfants d&rsquo;une dizaine d&rsquo;ann\u00e9es, il \u00e9tait pertinent (peut-\u00eatre !?) de mettre en \u0153uvre une piscine dans notre jardin.Nous avons donc r\u00e9alis\u00e9 cette piscine de 11m &hellip; <a href=\"https:\/\/ma-serre.org\/\">Continuer la lecture <span class=\"meta-nav\">&rarr;<\/span><\/a><\/p>\n","protected":false},"author":1,"featured_media":0,"parent":0,"menu_order":0,"comment_status":"closed","ping_status":"closed","template":"page-templates\/homepage.php","meta":{"footnotes":""},"class_list":["post-69","page","type-page","status-publish","hentry"],"_links":{"self":[{"href":"https:\/\/ma-serre.org\/index.php\/wp-json\/wp\/v2\/pages\/69","targetHints":{"allow":["GET"]}}],"collection":[{"href":"https:\/\/ma-serre.org\/index.php\/wp-json\/wp\/v2\/pages"}],"about":[{"href":"https:\/\/ma-serre.org\/index.php\/wp-json\/wp\/v2\/types\/page"}],"author":[{"embeddable":true,"href":"https:\/\/ma-serre.org\/index.php\/wp-json\/wp\/v2\/users\/1"}],"replies":[{"embeddable":true,"href":"https:\/\/ma-serre.org\/index.php\/wp-json\/wp\/v2\/comments?post=69"}],"version-history":[{"count":20,"href":"https:\/\/ma-serre.org\/index.php\/wp-json\/wp\/v2\/pages\/69\/revisions"}],"predecessor-version":[{"id":611,"href":"https:\/\/ma-serre.org\/index.php\/wp-json\/wp\/v2\/pages\/69\/revisions\/611"}],"wp:attachment":[{"href":"https:\/\/ma-serre.org\/index.php\/wp-json\/wp\/v2\/media?parent=69"}],"curies":[{"name":"wp","href":"https:\/\/api.w.org\/{rel}","templated":true}]}}